{"id":159,"date":"2020-04-17T14:03:35","date_gmt":"2020-04-17T14:03:35","guid":{"rendered":"https:\/\/mark1.tsj-dev.de\/?page_id=159"},"modified":"2020-05-28T07:28:18","modified_gmt":"2020-05-28T07:28:18","slug":"werte-im-detail","status":"publish","type":"page","link":"https:\/\/kybernesis.org\/?page_id=159","title":{"rendered":"Werte im Detail"},"content":{"rendered":"<h3>Zivilcourage<\/h3>\n<ul>\n<li style=\"text-align: left;\">Mit Mut, kritischem Geist, Urteilskraft und positiven Bildungsinitiativen Raum gewinnen f\u00fcr Vielfalt, demokratische Haltungen, Postwachstums\u00f6konomie, Umweltschutz, \u00d6kosysteme und Biodiversit\u00e4t gewinnen.<\/li>\n<li style=\"text-align: left;\">Mit Tapferkeit Misshandlungen von Menschen, Tieren und der Natur entgegentreten.<\/li>\n<li style=\"text-align: left;\">Mit Optimismus der Politik und den Menschen den Primat der Macht gegen\u00fcber der Wirtschaft wieder zur\u00fcckzugewinnen und ein sozial-\u00f6kologisch vertretbares Entwicklungsmodell f\u00f6rdern.<\/li>\n<li style=\"text-align: left;\">Leben von Gleichheit, Br\u00fcderlichkeit, Wahrheit, Gerechtigkeit und Liebe.<\/li>\n<\/ul>\n<h3>Kollaborative F\u00fchrungskulturen<\/h3>\n<ul>\n<li>Durch die Ko-Kreation der Selbst-Reflexion und Verbesserung unserer \u201einneren Wirklichkeit\u201c die \u201e\u00e4u\u00dfere Wirklichkeit\u201c verbessern.<\/li>\n<li>Mit Vorstellungskraft und Glaubw\u00fcrdigkeit freiheitlich B\u00fcrger- und Gemeinsinn f\u00f6rdern.<\/li>\n<li>Mit Einsatz von gewaltfreier Kommunikation und N\u00e4chstenliebe autorit\u00e4re und totalit\u00e4re in kollaborative, friedliche und gerechte F\u00fchrungskulturen umwandeln.<\/li>\n<li>Organisationen in komplexen F\u00fchrungssituationen ressourcen- und l\u00f6sungsorientiert durch die Verkn\u00fcpfung unterschiedlicher Wahrnehmungen in der nicht-direktiven Selbststeuerung unterst\u00fctzen.<\/li>\n<li>Durch das Verstehen der Muster, blinder Flecken und Schattenseiten von Organisationen Impulse f\u00fcr einen positiven Wandel einsetzen.<\/li>\n<li>Sich mit Empathie seiner kollektiven Dimension der vergangenen, gegenw\u00e4rtigen und zuk\u00fcnftigen Existenz besser bewusst werden und sich damit verbinden.<\/li>\n<\/ul>\n<h3>Wertsch\u00e4tzung<\/h3>\n<ul>\n<li>Leidenschaftlicher und besonnener Einsatz f\u00fcr positive Lebensbedingungen von Menschen, Tieren und der Natur.<\/li>\n<li>Wir stehen f\u00fcr soziale Harmonie, Sinnzentrierung, Gef\u00fchle, Seelengr\u00f6\u00dfe, Demut und Gro\u00dfmut \u2013 nicht Hochmut!<\/li>\n<li>Schl\u00fcssige Argumente \u00fcberzeugen uns \u2013 nicht \u00e4u\u00dferes oder oberfl\u00e4chliches Machtgehabe.<\/li>\n<li>Wirksamkeit durch die Konzentration auf die eigenen Begeisterungen und St\u00e4rken f\u00f6rdern.<\/li>\n<li>Mit Seelenst\u00e4rke, Souver\u00e4nit\u00e4t und Entschlossenheit dem Hilfsbed\u00fcrftigen gro\u00dfz\u00fcgig Zuneigung schenken.<\/li>\n<\/ul>\n<p>&nbsp;<\/p>\n<p style=\"text-align: center;\">Achte auf Deine Gedanken, denn sie werden Worte.<br \/>\nAchte auf Deine Worte, denn sie werden Handlungen.<br \/>\nAchte auf Deine Handlungen, denn sie werden Gewohnheiten.<br \/>\nAchte auf Deine Gewohnheiten, denn sie werden Dein Charakter.<br \/>\nAchte auf Deinen Charakter, denn er wird Dein Schicksal.<\/p>\n<p style=\"text-align: center;\">Talmud<\/p>\n","protected":false},"excerpt":{"rendered":"<p>Zivilcourage Mit Mut, kritischem Geist, Urteilskraft und positiven Bildungsinitiativen Raum gewinnen f\u00fcr Vielfalt, demokratische Haltungen, Postwachstums\u00f6konomie, Umweltschutz, \u00d6kosysteme und Biodiversit\u00e4t gewinnen. Mit Tapferkeit Misshandlungen von Menschen, Tieren und der Natur entgegentreten. Mit Optimismus der Politik und den Menschen den Primat der Macht gegen\u00fcber der Wirtschaft wieder zur\u00fcckzugewinnen und ein sozial-\u00f6kologisch vertretbares Entwicklungsmodell f\u00f6rdern. Leben von [&hellip;]<\/p>\n","protected":false},"author":3,"featured_media":0,"parent":0,"menu_order":0,"comment_status":"closed","ping_status":"closed","template":"","meta":{"footnotes":""},"_links":{"self":[{"href":"https:\/\/kybernesis.org\/index.php?rest_route=\/wp\/v2\/pages\/159"}],"collection":[{"href":"https:\/\/kybernesis.org\/index.php?rest_route=\/wp\/v2\/pages"}],"about":[{"href":"https:\/\/kybernesis.org\/index.php?rest_route=\/wp\/v2\/types\/page"}],"author":[{"embeddable":true,"href":"https:\/\/kybernesis.org\/index.php?rest_route=\/wp\/v2\/users\/3"}],"replies":[{"embeddable":true,"href":"https:\/\/kybernesis.org\/index.php?rest_route=%2Fwp%2Fv2%2Fcomments&post=159"}],"version-history":[{"count":11,"href":"https:\/\/kybernesis.org\/index.php?rest_route=\/wp\/v2\/pages\/159\/revisions"}],"predecessor-version":[{"id":299,"href":"https:\/\/kybernesis.org\/index.php?rest_route=\/wp\/v2\/pages\/159\/revisions\/299"}],"wp:attachment":[{"href":"https:\/\/kybernesis.org\/index.php?rest_route=%2Fwp%2Fv2%2Fmedia&parent=159"}],"curies":[{"name":"wp","href":"https:\/\/api.w.org\/{rel}","templated":true}]}}